{"id":297,"date":"2020-12-01T18:07:06","date_gmt":"2020-12-01T18:07:06","guid":{"rendered":"https:\/\/lydiamaethger.com\/?page_id=297"},"modified":"2023-10-06T00:38:57","modified_gmt":"2023-10-06T00:38:57","slug":"scholle-und-timm","status":"publish","type":"page","link":"https:\/\/lydiamaethger.com\/english\/scholle-und-timm\/","title":{"rendered":"Children's book"},"content":{"rendered":"<div data-elementor-type=\"wp-page\" data-elementor-id=\"297\" class=\"elementor elementor-297\">\n\t\t\t\t\t\t<section class=\"elementor-section elementor-top-section elementor-element elementor-element-528de82 elementor-section-boxed elementor-section-height-default elementor-section-height-default\" data-id=\"528de82\" data-element_type=\"section\">\n\t\t\t\t\t\t<div class=\"elementor-container elementor-column-gap-default\">\n\t\t\t\t\t<div class=\"elementor-column elementor-col-100 elementor-top-column elementor-element elementor-element-bcca585\" data-id=\"bcca585\" data-element_type=\"column\">\n\t\t\t<div class=\"elementor-widget-wrap elementor-element-populated\">\n\t\t\t\t\t\t<div class=\"elementor-element elementor-element-7602697 elementor-widget elementor-widget-spacer\" data-id=\"7602697\" data-element_type=\"widget\" data-widget_type=\"spacer.default\">\n\t\t\t\t<div class=\"elementor-widget-container\">\n\t\t\t\t\t\t\t<div class=\"elementor-spacer\">\n\t\t\t<div class=\"elementor-spacer-inner\"><\/div>\n\t\t<\/div>\n\t\t\t\t\t\t<\/div>\n\t\t\t\t<\/div>\n\t\t\t\t\t<\/div>\n\t\t<\/div>\n\t\t\t\t\t<\/div>\n\t\t<\/section>\n\t\t\t\t<section class=\"elementor-section elementor-top-section elementor-element elementor-element-ea0593d elementor-section-boxed elementor-section-height-default elementor-section-height-default\" data-id=\"ea0593d\" data-element_type=\"section\">\n\t\t\t\t\t\t<div class=\"elementor-container elementor-column-gap-default\">\n\t\t\t\t\t<div class=\"elementor-column elementor-col-100 elementor-top-column elementor-element elementor-element-5d1f334\" data-id=\"5d1f334\" data-element_type=\"column\">\n\t\t\t<div class=\"elementor-widget-wrap elementor-element-populated\">\n\t\t\t\t\t\t<div class=\"elementor-element elementor-element-dd33e2d elementor-widget elementor-widget-text-editor\" data-id=\"dd33e2d\" data-element_type=\"widget\" data-widget_type=\"text-editor.default\">\n\t\t\t\t<div class=\"elementor-widget-container\">\n\t\t\t\t\t\t\t\t\t<p><strong>\u00a0<em>Scholle und Timm &#8211; Unterwegs mit Janko<\/em><\/strong><\/p>\t\t\t\t\t\t\t\t<\/div>\n\t\t\t\t<\/div>\n\t\t\t\t\t<\/div>\n\t\t<\/div>\n\t\t\t\t\t<\/div>\n\t\t<\/section>\n\t\t\t\t<section class=\"elementor-section elementor-top-section elementor-element elementor-element-8108ea0 elementor-section-boxed elementor-section-height-default elementor-section-height-default\" data-id=\"8108ea0\" data-element_type=\"section\">\n\t\t\t\t\t\t<div class=\"elementor-container elementor-column-gap-default\">\n\t\t\t\t\t<div class=\"elementor-column elementor-col-100 elementor-top-column elementor-element elementor-element-c181633\" data-id=\"c181633\" data-element_type=\"column\">\n\t\t\t<div class=\"elementor-widget-wrap elementor-element-populated\">\n\t\t\t\t\t\t<div class=\"elementor-element elementor-element-4966b82 elementor-widget elementor-widget-spacer\" data-id=\"4966b82\" data-element_type=\"widget\" data-widget_type=\"spacer.default\">\n\t\t\t\t<div class=\"elementor-widget-container\">\n\t\t\t\t\t\t\t<div class=\"elementor-spacer\">\n\t\t\t<div class=\"elementor-spacer-inner\"><\/div>\n\t\t<\/div>\n\t\t\t\t\t\t<\/div>\n\t\t\t\t<\/div>\n\t\t\t\t\t<\/div>\n\t\t<\/div>\n\t\t\t\t\t<\/div>\n\t\t<\/section>\n\t\t\t\t<section class=\"elementor-section elementor-top-section elementor-element elementor-element-3ae945f elementor-section-boxed elementor-section-height-default elementor-section-height-default\" data-id=\"3ae945f\" data-element_type=\"section\">\n\t\t\t\t\t\t<div class=\"elementor-container elementor-column-gap-default\">\n\t\t\t\t\t<div class=\"elementor-column elementor-col-100 elementor-top-column elementor-element elementor-element-e9f7a5f\" data-id=\"e9f7a5f\" data-element_type=\"column\">\n\t\t\t<div class=\"elementor-widget-wrap elementor-element-populated\">\n\t\t\t\t\t\t<div class=\"elementor-element elementor-element-233bb35 elementor-widget__width-initial elementor-widget elementor-widget-image\" data-id=\"233bb35\" data-element_type=\"widget\" data-widget_type=\"image.default\">\n\t\t\t\t<div class=\"elementor-widget-container\">\n\t\t\t\t\t\t\t\t\t\t\t\t\t\t\t<img fetchpriority=\"high\" decoding=\"async\" width=\"1024\" height=\"326\" src=\"https:\/\/lydiamaethger.com\/wp-content\/uploads\/2023\/10\/buch-images-1024x326.jpg\" class=\"attachment-large size-large wp-image-1150\" alt=\"\" srcset=\"https:\/\/lydiamaethger.com\/wp-content\/uploads\/2023\/10\/buch-images-1024x326.jpg 1024w, https:\/\/lydiamaethger.com\/wp-content\/uploads\/2023\/10\/buch-images-300x95.jpg 300w, https:\/\/lydiamaethger.com\/wp-content\/uploads\/2023\/10\/buch-images-768x244.jpg 768w, https:\/\/lydiamaethger.com\/wp-content\/uploads\/2023\/10\/buch-images-18x6.jpg 18w, https:\/\/lydiamaethger.com\/wp-content\/uploads\/2023\/10\/buch-images.jpg 1280w\" sizes=\"(max-width: 1024px) 100vw, 1024px\" \/>\t\t\t\t\t\t\t\t\t\t\t\t\t\t\t<\/div>\n\t\t\t\t<\/div>\n\t\t\t\t\t<\/div>\n\t\t<\/div>\n\t\t\t\t\t<\/div>\n\t\t<\/section>\n\t\t\t\t<section class=\"elementor-section elementor-top-section elementor-element elementor-element-c33aae9 elementor-section-boxed elementor-section-height-default elementor-section-height-default\" data-id=\"c33aae9\" data-element_type=\"section\" data-settings=\"{&quot;background_background&quot;:&quot;classic&quot;}\">\n\t\t\t\t\t\t\t<div class=\"elementor-background-overlay\"><\/div>\n\t\t\t\t\t\t\t<div class=\"elementor-container elementor-column-gap-default\">\n\t\t\t\t\t<div class=\"elementor-column elementor-col-100 elementor-top-column elementor-element elementor-element-1c12551\" data-id=\"1c12551\" data-element_type=\"column\" data-settings=\"{&quot;background_background&quot;:&quot;classic&quot;}\">\n\t\t\t<div class=\"elementor-widget-wrap elementor-element-populated\">\n\t\t\t\t\t\t<div class=\"elementor-element elementor-element-0500d5b elementor-widget elementor-widget-text-editor\" data-id=\"0500d5b\" data-element_type=\"widget\" data-widget_type=\"text-editor.default\">\n\t\t\t\t<div class=\"elementor-widget-container\">\n\t\t\t\t\t\t\t\t\t<p><em><strong>\"Scholle und Timm - Unterwegs mit Janko\" can loosely be translated as \"Scholle and Timm - Out and About with Janko\". It is the first book of a trilogy book project, for children 8 years and up.<\/strong><\/em><\/p><p>\u00a0<\/p><p><em><strong>About the book:<\/strong><\/em> Scholle wakes up early one morning to a thundering Autumn storm outside her window. She would much rather stay in her warm and cozy bed but her younger brother Timm calls her from the kitchen. To her surprise, he found an injured puppy outside and has brought it in. Thankfully, their mother is a veterinarian, and the children quickly begin their rescue operation. Unbeknownst to them, they have just met the best playmate they could ever have wished for.<\/p><p><em>Scholle und Timm<\/em> came to life because my kids asked me to write them a story. They wanted a book about something that really happened. But not necessarily. A story about how I grew up; but not necessarily. A story about kids like them - but also not necessarily. Most importantly, they wanted a book about animals, a farm and a vet practice. <em>Scholle und Timm<\/em> \"Scholle and Timm\" is precisely that: A story, which possibly happened, which is possibly about my childhood, and which possibly tells the story of my two children. But maybe not. In any case, the book is about two kids and a dog and many other animals that one can find on a farm. <em>Scholle und Timm<\/em> is both a gripping and a calm book - for independent reading as well as reading aloud. For dreaming and for laughing - whatever one feels like! Tears will likely not be shed, except perhaps for joy!<\/p>\t\t\t\t\t\t\t\t<\/div>\n\t\t\t\t<\/div>\n\t\t\t\t\t<\/div>\n\t\t<\/div>\n\t\t\t\t\t<\/div>\n\t\t<\/section>\n\t\t\t\t<section class=\"elementor-section elementor-top-section elementor-element elementor-element-3741b54 elementor-section-boxed elementor-section-height-default elementor-section-height-default\" data-id=\"3741b54\" data-element_type=\"section\">\n\t\t\t\t\t\t<div class=\"elementor-container elementor-column-gap-default\">\n\t\t\t\t\t<div class=\"elementor-column elementor-col-100 elementor-top-column elementor-element elementor-element-05ef0ff\" data-id=\"05ef0ff\" data-element_type=\"column\">\n\t\t\t<div class=\"elementor-widget-wrap elementor-element-populated\">\n\t\t\t\t\t\t<section class=\"elementor-section elementor-inner-section elementor-element elementor-element-d8e8779 elementor-section-boxed elementor-section-height-default elementor-section-height-default\" data-id=\"d8e8779\" data-element_type=\"section\">\n\t\t\t\t\t\t<div class=\"elementor-container elementor-column-gap-default\">\n\t\t\t\t\t<div class=\"elementor-column elementor-col-50 elementor-inner-column elementor-element elementor-element-38e23d7\" data-id=\"38e23d7\" data-element_type=\"column\">\n\t\t\t<div class=\"elementor-widget-wrap elementor-element-populated\">\n\t\t\t\t\t\t<div class=\"elementor-element elementor-element-5365cc1 elementor-widget elementor-widget-image\" data-id=\"5365cc1\" data-element_type=\"widget\" data-widget_type=\"image.default\">\n\t\t\t\t<div class=\"elementor-widget-container\">\n\t\t\t\t\t\t\t\t\t\t\t\t\t\t\t<img decoding=\"async\" width=\"1024\" height=\"880\" src=\"https:\/\/lydiamaethger.com\/wp-content\/uploads\/2020\/12\/Drucke-1024x880.jpg\" class=\"attachment-large size-large wp-image-441\" alt=\"\" srcset=\"https:\/\/lydiamaethger.com\/wp-content\/uploads\/2020\/12\/Drucke-1024x880.jpg 1024w, https:\/\/lydiamaethger.com\/wp-content\/uploads\/2020\/12\/Drucke-300x258.jpg 300w, https:\/\/lydiamaethger.com\/wp-content\/uploads\/2020\/12\/Drucke-768x660.jpg 768w, https:\/\/lydiamaethger.com\/wp-content\/uploads\/2020\/12\/Drucke-1536x1320.jpg 1536w, https:\/\/lydiamaethger.com\/wp-content\/uploads\/2020\/12\/Drucke.jpg 1999w\" sizes=\"(max-width: 1024px) 100vw, 1024px\" \/>\t\t\t\t\t\t\t\t\t\t\t\t\t\t\t<\/div>\n\t\t\t\t<\/div>\n\t\t\t\t\t<\/div>\n\t\t<\/div>\n\t\t\t\t<div class=\"elementor-column elementor-col-50 elementor-inner-column elementor-element elementor-element-46051b4\" data-id=\"46051b4\" data-element_type=\"column\">\n\t\t\t<div class=\"elementor-widget-wrap elementor-element-populated\">\n\t\t\t\t\t\t<div class=\"elementor-element elementor-element-3ed74b4 elementor-widget elementor-widget-text-editor\" data-id=\"3ed74b4\" data-element_type=\"widget\" data-widget_type=\"text-editor.default\">\n\t\t\t\t<div class=\"elementor-widget-container\">\n\t\t\t\t\t\t\t\t\t<p>Every one of the fifteen chapters is accompanied by an illustration, placed at the beginning of the chapter.\u00a0<\/p><p>\u00a0<\/p><p>The pictures are colourful linoleum-cuts that I printed on my Ettan printing press. In addition, I used watercolour techniques with some of the illustrations.\u00a0<\/p><p>\u00a0<\/p><p>The artwork is intended to make my readers curious about what awaits Scholle and Timm in the following chapter.<\/p><p>\u00a0<\/p><p>Here is just a small selection!<\/p>\t\t\t\t\t\t\t\t<\/div>\n\t\t\t\t<\/div>\n\t\t\t\t\t<\/div>\n\t\t<\/div>\n\t\t\t\t\t<\/div>\n\t\t<\/section>\n\t\t\t\t\t<\/div>\n\t\t<\/div>\n\t\t\t\t\t<\/div>\n\t\t<\/section>\n\t\t\t\t<section class=\"elementor-section elementor-top-section elementor-element elementor-element-ca36698 elementor-section-boxed elementor-section-height-default elementor-section-height-default\" data-id=\"ca36698\" data-element_type=\"section\">\n\t\t\t\t\t\t<div class=\"elementor-container elementor-column-gap-default\">\n\t\t\t\t\t<div class=\"elementor-column elementor-col-100 elementor-top-column elementor-element elementor-element-8d16a3d\" data-id=\"8d16a3d\" data-element_type=\"column\">\n\t\t\t<div class=\"elementor-widget-wrap\">\n\t\t\t\t\t\t\t<\/div>\n\t\t<\/div>\n\t\t\t\t\t<\/div>\n\t\t<\/section>\n\t\t\t\t<section class=\"elementor-section elementor-top-section elementor-element elementor-element-b9867bf elementor-section-boxed elementor-section-height-default elementor-section-height-default\" data-id=\"b9867bf\" data-element_type=\"section\">\n\t\t\t\t\t\t<div class=\"elementor-container elementor-column-gap-default\">\n\t\t\t\t\t<div class=\"elementor-column elementor-col-100 elementor-top-column elementor-element elementor-element-d973a3d\" data-id=\"d973a3d\" data-element_type=\"column\">\n\t\t\t<div class=\"elementor-widget-wrap elementor-element-populated\">\n\t\t\t\t\t\t<div class=\"elementor-element elementor-element-32a73c8 elementor-widget elementor-widget-text-editor\" data-id=\"32a73c8\" data-element_type=\"widget\" data-widget_type=\"text-editor.default\">\n\t\t\t\t<div class=\"elementor-widget-container\">\n\t\t\t\t\t\t\t\t\t<p><span lang=\"DE\">Here are my most critical helpers and companions whom I owe a huge thank you:\u00a0<\/span>My two children, who were the first to listen to the manuscript. <span lang=\"DE\">After that, my family in Germany had a go at it, particularly my father combed through it several times. A big thank you also to Juli Z\u00f6llner for editing the book. <\/span><span lang=\"DE\">Only the dogs were sometimes bored at my endless sitting around and typing.<\/span><\/p>\t\t\t\t\t\t\t\t<\/div>\n\t\t\t\t<\/div>\n\t\t\t\t<div class=\"elementor-element elementor-element-eacf351 elementor-widget elementor-widget-image\" data-id=\"eacf351\" data-element_type=\"widget\" data-widget_type=\"image.default\">\n\t\t\t\t<div class=\"elementor-widget-container\">\n\t\t\t\t\t\t\t\t\t\t\t\t\t\t\t<img decoding=\"async\" width=\"1024\" height=\"322\" src=\"https:\/\/lydiamaethger.com\/wp-content\/uploads\/2021\/09\/Kritiker-neu1-1024x322.jpg\" class=\"attachment-large size-large wp-image-689\" alt=\"\" srcset=\"https:\/\/lydiamaethger.com\/wp-content\/uploads\/2021\/09\/Kritiker-neu1-1024x322.jpg 1024w, https:\/\/lydiamaethger.com\/wp-content\/uploads\/2021\/09\/Kritiker-neu1-300x94.jpg 300w, https:\/\/lydiamaethger.com\/wp-content\/uploads\/2021\/09\/Kritiker-neu1-768x242.jpg 768w, https:\/\/lydiamaethger.com\/wp-content\/uploads\/2021\/09\/Kritiker-neu1-1536x483.jpg 1536w, https:\/\/lydiamaethger.com\/wp-content\/uploads\/2021\/09\/Kritiker-neu1-2048x644.jpg 2048w, https:\/\/lydiamaethger.com\/wp-content\/uploads\/2021\/09\/Kritiker-neu1-18x6.jpg 18w\" sizes=\"(max-width: 1024px) 100vw, 1024px\" \/>\t\t\t\t\t\t\t\t\t\t\t\t\t\t\t<\/div>\n\t\t\t\t<\/div>\n\t\t\t\t\t<\/div>\n\t\t<\/div>\n\t\t\t\t\t<\/div>\n\t\t<\/section>\n\t\t\t\t<section class=\"elementor-section elementor-top-section elementor-element elementor-element-bff5afb elementor-section-boxed elementor-section-height-default elementor-section-height-default\" data-id=\"bff5afb\" data-element_type=\"section\">\n\t\t\t\t\t\t<div class=\"elementor-container elementor-column-gap-default\">\n\t\t\t\t\t<div class=\"elementor-column elementor-col-100 elementor-top-column elementor-element elementor-element-9083856\" data-id=\"9083856\" data-element_type=\"column\">\n\t\t\t<div class=\"elementor-widget-wrap elementor-element-populated\">\n\t\t\t\t\t\t<div class=\"elementor-element elementor-element-c56473d elementor-widget elementor-widget-spacer\" data-id=\"c56473d\" data-element_type=\"widget\" data-widget_type=\"spacer.default\">\n\t\t\t\t<div class=\"elementor-widget-container\">\n\t\t\t\t\t\t\t<div class=\"elementor-spacer\">\n\t\t\t<div class=\"elementor-spacer-inner\"><\/div>\n\t\t<\/div>\n\t\t\t\t\t\t<\/div>\n\t\t\t\t<\/div>\n\t\t\t\t\t<\/div>\n\t\t<\/div>\n\t\t\t\t\t<\/div>\n\t\t<\/section>\n\t\t\t\t<section class=\"elementor-section elementor-top-section elementor-element elementor-element-1f5920d elementor-section-boxed elementor-section-height-default elementor-section-height-default\" data-id=\"1f5920d\" data-element_type=\"section\">\n\t\t\t\t\t\t<div class=\"elementor-container elementor-column-gap-default\">\n\t\t\t\t\t<div class=\"elementor-column elementor-col-100 elementor-top-column elementor-element elementor-element-4d19a63\" data-id=\"4d19a63\" data-element_type=\"column\">\n\t\t\t<div class=\"elementor-widget-wrap elementor-element-populated\">\n\t\t\t\t\t\t<div class=\"elementor-element elementor-element-802885a elementor-widget elementor-widget-text-editor\" data-id=\"802885a\" data-element_type=\"widget\" data-widget_type=\"text-editor.default\">\n\t\t\t\t<div class=\"elementor-widget-container\">\n\t\t\t\t\t\t\t\t\t<p style=\"text-align: right;\"><a href=\"https:\/\/lydiamaethger.com\/english\/privacy-policy\/\"><strong><span style=\"color: #000000;\">Privacy Policy\/Terms and Conditions<\/span><\/strong><\/a><\/p>\t\t\t\t\t\t\t\t<\/div>\n\t\t\t\t<\/div>\n\t\t\t\t\t<\/div>\n\t\t<\/div>\n\t\t\t\t\t<\/div>\n\t\t<\/section>\n\t\t\t\t<\/div>","protected":false},"excerpt":{"rendered":"<p>\u00a0Scholle und Timm &#8211; Unterwegs mit Janko Scholle und Timm \u2013 Unterwegs mit Janko ist das erste Buch eines dreib\u00e4ndigen Kinder- und Jungendbuchprojektes f\u00fcr Kinder ab etwa 8 Jahre. \u00a0 Zum Buch: Scholle wacht am fr\u00fchen Morgen auf, weil ein tosender Herbststurm an ihrem Fenster r\u00fcttelt. Eigentlich m\u00f6chte sie in ihrem kuschlig warmen Bett bleiben, &hellip;<\/p>\n<p class=\"read-more\"> <a class=\"\" href=\"https:\/\/lydiamaethger.com\/english\/scholle-und-timm\/\"> <span class=\"screen-reader-text\">Children's book<\/span> Read More &raquo;<\/a><\/p>","protected":false},"author":1,"featured_media":0,"parent":0,"menu_order":0,"comment_status":"closed","ping_status":"closed","template":"","meta":{"footnotes":""},"class_list":["post-297","page","type-page","status-publish","hentry"],"yoast_head":"<!-- This site is optimized with the Yoast SEO plugin v26.9 - https:\/\/yoast.com\/product\/yoast-seo-wordpress\/ -->\n<title>Kinderbuch - Lydia M\u00e4thger<\/title>\n<meta name=\"description\" content=\"Willkommen bei Scholle und Timm - Unterwegs mit Janko!\" \/>\n<meta name=\"robots\" content=\"index, follow, max-snippet:-1, max-image-preview:large, max-video-preview:-1\" \/>\n<link rel=\"canonical\" href=\"https:\/\/lydiamaethger.com\/english\/scholle-und-timm\/\" \/>\n<meta property=\"og:locale\" content=\"en_US\" \/>\n<meta property=\"og:type\" content=\"article\" \/>\n<meta property=\"og:title\" content=\"Kinderbuch - Lydia M\u00e4thger\" \/>\n<meta property=\"og:description\" content=\"Willkommen bei Scholle und Timm - Unterwegs mit Janko!\" \/>\n<meta property=\"og:url\" content=\"https:\/\/lydiamaethger.com\/english\/scholle-und-timm\/\" \/>\n<meta property=\"og:site_name\" content=\"Lydia M\u00e4thger\" \/>\n<meta property=\"article:modified_time\" content=\"2023-10-06T00:38:57+00:00\" \/>\n<meta property=\"og:image\" content=\"https:\/\/lydiamaethger.com\/wp-content\/uploads\/2023\/10\/buch-images-1024x326.jpg\" \/>\n<meta name=\"twitter:card\" content=\"summary_large_image\" \/>\n<meta name=\"twitter:label1\" content=\"Est. reading time\" \/>\n\t<meta name=\"twitter:data1\" content=\"3 minutes\" \/>\n<script type=\"application\/ld+json\" class=\"yoast-schema-graph\">{\"@context\":\"https:\/\/schema.org\",\"@graph\":[{\"@type\":\"WebPage\",\"@id\":\"https:\/\/lydiamaethger.com\/scholle-und-timm\/\",\"url\":\"https:\/\/lydiamaethger.com\/scholle-und-timm\/\",\"name\":\"Kinderbuch - Lydia M\u00e4thger\",\"isPartOf\":{\"@id\":\"https:\/\/lydiamaethger.com\/#website\"},\"primaryImageOfPage\":{\"@id\":\"https:\/\/lydiamaethger.com\/scholle-und-timm\/#primaryimage\"},\"image\":{\"@id\":\"https:\/\/lydiamaethger.com\/scholle-und-timm\/#primaryimage\"},\"thumbnailUrl\":\"https:\/\/lydiamaethger.com\/wp-content\/uploads\/2023\/10\/buch-images-1024x326.jpg\",\"datePublished\":\"2020-12-01T18:07:06+00:00\",\"dateModified\":\"2023-10-06T00:38:57+00:00\",\"description\":\"Willkommen bei Scholle und Timm - Unterwegs mit Janko!\",\"breadcrumb\":{\"@id\":\"https:\/\/lydiamaethger.com\/scholle-und-timm\/#breadcrumb\"},\"inLanguage\":\"en-US\",\"potentialAction\":[{\"@type\":\"ReadAction\",\"target\":[\"https:\/\/lydiamaethger.com\/scholle-und-timm\/\"]}]},{\"@type\":\"ImageObject\",\"inLanguage\":\"en-US\",\"@id\":\"https:\/\/lydiamaethger.com\/scholle-und-timm\/#primaryimage\",\"url\":\"https:\/\/lydiamaethger.com\/wp-content\/uploads\/2023\/10\/buch-images-1024x326.jpg\",\"contentUrl\":\"https:\/\/lydiamaethger.com\/wp-content\/uploads\/2023\/10\/buch-images-1024x326.jpg\"},{\"@type\":\"BreadcrumbList\",\"@id\":\"https:\/\/lydiamaethger.com\/scholle-und-timm\/#breadcrumb\",\"itemListElement\":[{\"@type\":\"ListItem\",\"position\":1,\"name\":\"Home\",\"item\":\"https:\/\/lydiamaethger.com\/\"},{\"@type\":\"ListItem\",\"position\":2,\"name\":\"Kinderbuch\"}]},{\"@type\":\"WebSite\",\"@id\":\"https:\/\/lydiamaethger.com\/#website\",\"url\":\"https:\/\/lydiamaethger.com\/\",\"name\":\"Lydia M\u00e4thger\",\"description\":\"Biologin, Kinderbuchautorin &amp; Illustratorin\",\"publisher\":{\"@id\":\"https:\/\/lydiamaethger.com\/#\/schema\/person\/a671186f8f66719a5c439d2406297d80\"},\"potentialAction\":[{\"@type\":\"SearchAction\",\"target\":{\"@type\":\"EntryPoint\",\"urlTemplate\":\"https:\/\/lydiamaethger.com\/?s={search_term_string}\"},\"query-input\":{\"@type\":\"PropertyValueSpecification\",\"valueRequired\":true,\"valueName\":\"search_term_string\"}}],\"inLanguage\":\"en-US\"},{\"@type\":[\"Person\",\"Organization\"],\"@id\":\"https:\/\/lydiamaethger.com\/#\/schema\/person\/a671186f8f66719a5c439d2406297d80\",\"name\":\"lmathger\",\"image\":{\"@type\":\"ImageObject\",\"inLanguage\":\"en-US\",\"@id\":\"https:\/\/lydiamaethger.com\/#\/schema\/person\/image\/\",\"url\":\"https:\/\/secure.gravatar.com\/avatar\/4c4f6b3c91b58e769a1439c2fdbb3e006165d525627867155fef8319a2309017?s=96&d=mm&r=g\",\"contentUrl\":\"https:\/\/secure.gravatar.com\/avatar\/4c4f6b3c91b58e769a1439c2fdbb3e006165d525627867155fef8319a2309017?s=96&d=mm&r=g\",\"caption\":\"lmathger\"},\"logo\":{\"@id\":\"https:\/\/lydiamaethger.com\/#\/schema\/person\/image\/\"}}]}<\/script>\n<!-- \/ Yoast SEO plugin. -->","yoast_head_json":{"title":"Kinderbuch - Lydia M\u00e4thger","description":"Willkommen bei Scholle und Timm - Unterwegs mit Janko!","robots":{"index":"index","follow":"follow","max-snippet":"max-snippet:-1","max-image-preview":"max-image-preview:large","max-video-preview":"max-video-preview:-1"},"canonical":"https:\/\/lydiamaethger.com\/english\/scholle-und-timm\/","og_locale":"en_US","og_type":"article","og_title":"Kinderbuch - Lydia M\u00e4thger","og_description":"Willkommen bei Scholle und Timm - Unterwegs mit Janko!","og_url":"https:\/\/lydiamaethger.com\/english\/scholle-und-timm\/","og_site_name":"Lydia M\u00e4thger","article_modified_time":"2023-10-06T00:38:57+00:00","og_image":[{"url":"https:\/\/lydiamaethger.com\/wp-content\/uploads\/2023\/10\/buch-images-1024x326.jpg","type":"","width":"","height":""}],"twitter_card":"summary_large_image","twitter_misc":{"Est. reading time":"3 minutes"},"schema":{"@context":"https:\/\/schema.org","@graph":[{"@type":"WebPage","@id":"https:\/\/lydiamaethger.com\/scholle-und-timm\/","url":"https:\/\/lydiamaethger.com\/scholle-und-timm\/","name":"Kinderbuch - Lydia M\u00e4thger","isPartOf":{"@id":"https:\/\/lydiamaethger.com\/#website"},"primaryImageOfPage":{"@id":"https:\/\/lydiamaethger.com\/scholle-und-timm\/#primaryimage"},"image":{"@id":"https:\/\/lydiamaethger.com\/scholle-und-timm\/#primaryimage"},"thumbnailUrl":"https:\/\/lydiamaethger.com\/wp-content\/uploads\/2023\/10\/buch-images-1024x326.jpg","datePublished":"2020-12-01T18:07:06+00:00","dateModified":"2023-10-06T00:38:57+00:00","description":"Willkommen bei Scholle und Timm - Unterwegs mit Janko!","breadcrumb":{"@id":"https:\/\/lydiamaethger.com\/scholle-und-timm\/#breadcrumb"},"inLanguage":"en-US","potentialAction":[{"@type":"ReadAction","target":["https:\/\/lydiamaethger.com\/scholle-und-timm\/"]}]},{"@type":"ImageObject","inLanguage":"en-US","@id":"https:\/\/lydiamaethger.com\/scholle-und-timm\/#primaryimage","url":"https:\/\/lydiamaethger.com\/wp-content\/uploads\/2023\/10\/buch-images-1024x326.jpg","contentUrl":"https:\/\/lydiamaethger.com\/wp-content\/uploads\/2023\/10\/buch-images-1024x326.jpg"},{"@type":"BreadcrumbList","@id":"https:\/\/lydiamaethger.com\/scholle-und-timm\/#breadcrumb","itemListElement":[{"@type":"ListItem","position":1,"name":"Home","item":"https:\/\/lydiamaethger.com\/"},{"@type":"ListItem","position":2,"name":"Kinderbuch"}]},{"@type":"WebSite","@id":"https:\/\/lydiamaethger.com\/#website","url":"https:\/\/lydiamaethger.com\/","name":"Lydia M\u00e4thger","description":"Biologin, Kinderbuchautorin &amp; Illustratorin","publisher":{"@id":"https:\/\/lydiamaethger.com\/#\/schema\/person\/a671186f8f66719a5c439d2406297d80"},"potentialAction":[{"@type":"SearchAction","target":{"@type":"EntryPoint","urlTemplate":"https:\/\/lydiamaethger.com\/?s={search_term_string}"},"query-input":{"@type":"PropertyValueSpecification","valueRequired":true,"valueName":"search_term_string"}}],"inLanguage":"en-US"},{"@type":["Person","Organization"],"@id":"https:\/\/lydiamaethger.com\/#\/schema\/person\/a671186f8f66719a5c439d2406297d80","name":"lmathger","image":{"@type":"ImageObject","inLanguage":"en-US","@id":"https:\/\/lydiamaethger.com\/#\/schema\/person\/image\/","url":"https:\/\/secure.gravatar.com\/avatar\/4c4f6b3c91b58e769a1439c2fdbb3e006165d525627867155fef8319a2309017?s=96&d=mm&r=g","contentUrl":"https:\/\/secure.gravatar.com\/avatar\/4c4f6b3c91b58e769a1439c2fdbb3e006165d525627867155fef8319a2309017?s=96&d=mm&r=g","caption":"lmathger"},"logo":{"@id":"https:\/\/lydiamaethger.com\/#\/schema\/person\/image\/"}}]}},"_links":{"self":[{"href":"https:\/\/lydiamaethger.com\/english\/wp-json\/wp\/v2\/pages\/297","targetHints":{"allow":["GET"]}}],"collection":[{"href":"https:\/\/lydiamaethger.com\/english\/wp-json\/wp\/v2\/pages"}],"about":[{"href":"https:\/\/lydiamaethger.com\/english\/wp-json\/wp\/v2\/types\/page"}],"author":[{"embeddable":true,"href":"https:\/\/lydiamaethger.com\/english\/wp-json\/wp\/v2\/users\/1"}],"replies":[{"embeddable":true,"href":"https:\/\/lydiamaethger.com\/english\/wp-json\/wp\/v2\/comments?post=297"}],"version-history":[{"count":5,"href":"https:\/\/lydiamaethger.com\/english\/wp-json\/wp\/v2\/pages\/297\/revisions"}],"predecessor-version":[{"id":1202,"href":"https:\/\/lydiamaethger.com\/english\/wp-json\/wp\/v2\/pages\/297\/revisions\/1202"}],"wp:attachment":[{"href":"https:\/\/lydiamaethger.com\/english\/wp-json\/wp\/v2\/media?parent=297"}],"curies":[{"name":"wp","href":"https:\/\/api.w.org\/{rel}","templated":true}]}}